{"id":376,"date":"2026-03-20T09:35:27","date_gmt":"2026-03-20T09:35:27","guid":{"rendered":"https:\/\/folienanalyse.de\/?page_id=376"},"modified":"2026-03-27T09:00:09","modified_gmt":"2026-03-27T09:00:09","slug":"impressum","status":"publish","type":"page","link":"https:\/\/folienanalyse.de\/en\/impressum\/","title":{"rendered":"Impressum"},"content":{"rendered":"\n<p>Mess- &#038; Analysensysteme Golombek GmbH<br> Eichh\u00e4ldenstr. 73 <br>D-71720 Oberstenfeld <br>Germany<\/p>\n\n\n\n<p>USt-IdNr.: DE334745657<\/p>\n\n\n\n<p><strong>Mail:<\/strong> info@folienanalyse.de<br><strong>Tel.:<\/strong> +49 7062 5607 | Fax: +49 7062 3873<br><strong>Sitz:<\/strong> Oberstenfeld &#8211; HRB 775065<br><strong>Gesch\u00e4ftsf\u00fchrer:<\/strong> J\u00f6rg Golombek<br>Amtsgericht Stuttgart<\/p>\n\n\n\n<p><strong>Bankverbindung<\/strong><br>Volksbank Beilstein<br>IBAN: DE88 6206 2215 0011 4830 08<br>BIC: GENODES1BIA<\/p>\n","protected":false},"excerpt":{"rendered":"<p>Mess- &#038; Analysensysteme Golombek GmbH Eichh\u00e4ldenstr. 73 D-71720 Oberstenfeld Germany USt-IdNr.: DE334745657 Mail: info@folienanalyse.deTel.: +49 7062 5607 | Fax: +49 7062 3873Sitz: Oberstenfeld &#8211; HRB 775065Gesch\u00e4ftsf\u00fchrer: J\u00f6rg GolombekAmtsgericht Stuttgart BankverbindungVolksbank BeilsteinIBAN: DE88 6206 2215 0011 4830 08BIC: GENODES1BIA<\/p>\n","protected":false},"author":1,"featured_media":0,"parent":0,"menu_order":0,"comment_status":"closed","ping_status":"closed","template":"","meta":{"neve_meta_sidebar":"","neve_meta_container":"","neve_meta_enable_content_width":"","neve_meta_content_width":0,"neve_meta_title_alignment":"","neve_meta_author_avatar":"","neve_post_elements_order":"","neve_meta_disable_header":"","neve_meta_disable_footer":"","neve_meta_disable_title":"","_themeisle_gutenberg_block_has_review":false,"footnotes":""},"class_list":["post-376","page","type-page","status-publish","hentry"],"_links":{"self":[{"href":"https:\/\/folienanalyse.de\/en\/wp-json\/wp\/v2\/pages\/376","targetHints":{"allow":["GET"]}}],"collection":[{"href":"https:\/\/folienanalyse.de\/en\/wp-json\/wp\/v2\/pages"}],"about":[{"href":"https:\/\/folienanalyse.de\/en\/wp-json\/wp\/v2\/types\/page"}],"author":[{"embeddable":true,"href":"https:\/\/folienanalyse.de\/en\/wp-json\/wp\/v2\/users\/1"}],"replies":[{"embeddable":true,"href":"https:\/\/folienanalyse.de\/en\/wp-json\/wp\/v2\/comments?post=376"}],"version-history":[{"count":3,"href":"https:\/\/folienanalyse.de\/en\/wp-json\/wp\/v2\/pages\/376\/revisions"}],"predecessor-version":[{"id":498,"href":"https:\/\/folienanalyse.de\/en\/wp-json\/wp\/v2\/pages\/376\/revisions\/498"}],"wp:attachment":[{"href":"https:\/\/folienanalyse.de\/en\/wp-json\/wp\/v2\/media?parent=376"}],"curies":[{"name":"wp","href":"https:\/\/api.w.org\/{rel}","templated":true}]}}